{"id":9740,"date":"2023-07-11T09:07:13","date_gmt":"2023-07-11T09:07:13","guid":{"rendered":"https:\/\/www.impacc.org\/impressum\/"},"modified":"2023-09-26T14:52:28","modified_gmt":"2023-09-26T14:52:28","slug":"impressum","status":"publish","type":"page","link":"https:\/\/impacc.org\/de\/impressum\/","title":{"rendered":"Impressum"},"content":{"rendered":"\t\t<div data-elementor-type=\"wp-page\" data-elementor-id=\"9740\" class=\"elementor elementor-9740 elementor-182\" data-elementor-post-type=\"page\">\n\t\t\t\t\t\t<section class=\"elementor-section elementor-top-section elementor-element elementor-element-c573f1c elementor-section-boxed elementor-section-height-default elementor-section-height-default\" data-id=\"c573f1c\" data-element_type=\"section\">\n\t\t\t\t\t\t<div class=\"elementor-container elementor-column-gap-default\">\n\t\t\t\t\t<div class=\"elementor-column elementor-col-100 elementor-top-column elementor-element elementor-element-20c5ecd\" data-id=\"20c5ecd\" data-element_type=\"column\">\n\t\t\t<div class=\"elementor-widget-wrap elementor-element-populated\">\n\t\t\t\t\t\t<div class=\"elementor-element elementor-element-ee62314 elementor-widget elementor-widget-heading\" data-id=\"ee62314\" data-element_type=\"widget\" data-widget_type=\"heading.default\">\n\t\t\t\t<div class=\"elementor-widget-container\">\n\t\t\t\t\t<h2 class=\"elementor-heading-title elementor-size-default\">Impressum<\/h2>\t\t\t\t<\/div>\n\t\t\t\t<\/div>\n\t\t\t\t<section class=\"elementor-section elementor-inner-section elementor-element elementor-element-181d693 elementor-section-boxed elementor-section-height-default elementor-section-height-default\" data-id=\"181d693\" data-element_type=\"section\">\n\t\t\t\t\t\t<div class=\"elementor-container elementor-column-gap-default\">\n\t\t\t\t\t<div class=\"elementor-column elementor-col-50 elementor-inner-column elementor-element elementor-element-e9b963b\" data-id=\"e9b963b\" data-element_type=\"column\">\n\t\t\t<div class=\"elementor-widget-wrap elementor-element-populated\">\n\t\t\t\t\t\t<div class=\"elementor-element elementor-element-1fb0fed elementor-widget elementor-widget-text-editor\" data-id=\"1fb0fed\" data-element_type=\"widget\" data-widget_type=\"text-editor.default\">\n\t\t\t\t<div class=\"elementor-widget-container\">\n\t\t\t\t\t\t\t\t\t<p><strong>Informationen nach \u00a7 5 TMG:<\/strong><br \/>Impacc gGmbH<br \/>Bernstroffstr. 118<br \/>22767 Hamburg<\/p>\n<p><strong>Vertreten durch:<\/strong><br \/>Dr. Till Wahnbaeck, Gesch\u00e4ftsf\u00fchrer<\/p>\n\t\t\t\t\t\t\t\t<\/div>\n\t\t\t\t<\/div>\n\t\t\t\t\t<\/div>\n\t\t<\/div>\n\t\t\t\t<div class=\"elementor-column elementor-col-50 elementor-inner-column elementor-element elementor-element-2e88291\" data-id=\"2e88291\" data-element_type=\"column\">\n\t\t\t<div class=\"elementor-widget-wrap elementor-element-populated\">\n\t\t\t\t\t\t<div class=\"elementor-element elementor-element-c28e9d7 elementor-widget elementor-widget-text-editor\" data-id=\"c28e9d7\" data-element_type=\"widget\" data-widget_type=\"text-editor.default\">\n\t\t\t\t<div class=\"elementor-widget-container\">\n\t\t\t\t\t\t\t\t\t<p><strong>Registereintrag:<\/strong><br \/>Eintrag ins Handelsregister<br \/>Registernummer: HRB 160420<br \/>Handelsregister Hamburg<\/p>\n<p><strong>Kontakt:<\/strong><br \/>Telefon: +49\/151\/18403704<br \/>E-Mail: <a href=\"mailto:info@impacc.org\">info@impacc.org<\/a><\/p>\n\t\t\t\t\t\t\t\t<\/div>\n\t\t\t\t<\/div>\n\t\t\t\t\t<\/div>\n\t\t<\/div>\n\t\t\t\t\t<\/div>\n\t\t<\/section>\n\t\t\t\t\t<\/div>\n\t\t<\/div>\n\t\t\t\t\t<\/div>\n\t\t<\/section>\n\t\t\t\t<section class=\"elementor-section elementor-top-section elementor-element elementor-element-a4e7c47 elementor-section-boxed elementor-section-height-default elementor-section-height-default\" data-id=\"a4e7c47\" data-element_type=\"section\">\n\t\t\t\t\t\t<div class=\"elementor-container elementor-column-gap-default\">\n\t\t\t\t\t<div class=\"elementor-column elementor-col-100 elementor-top-column elementor-element elementor-element-cf3f595\" data-id=\"cf3f595\" data-element_type=\"column\">\n\t\t\t<div class=\"elementor-widget-wrap elementor-element-populated\">\n\t\t\t\t\t\t<div class=\"elementor-element elementor-element-af80b1d elementor-widget elementor-widget-heading\" data-id=\"af80b1d\" data-element_type=\"widget\" data-widget_type=\"heading.default\">\n\t\t\t\t<div class=\"elementor-widget-container\">\n\t\t\t\t\t<h2 class=\"elementor-heading-title elementor-size-default\">Datenschutzbestimmungen<\/h2>\t\t\t\t<\/div>\n\t\t\t\t<\/div>\n\t\t\t\t<section class=\"elementor-section elementor-inner-section elementor-element elementor-element-a148f7d elementor-section-boxed elementor-section-height-default elementor-section-height-default\" data-id=\"a148f7d\" data-element_type=\"section\">\n\t\t\t\t\t\t<div class=\"elementor-container elementor-column-gap-default\">\n\t\t\t\t\t<div class=\"elementor-column elementor-col-100 elementor-inner-column elementor-element elementor-element-9ce99db\" data-id=\"9ce99db\" data-element_type=\"column\">\n\t\t\t<div class=\"elementor-widget-wrap elementor-element-populated\">\n\t\t\t\t\t\t<div class=\"elementor-element elementor-element-299dea3 elementor-widget elementor-widget-text-editor\" data-id=\"299dea3\" data-element_type=\"widget\" data-widget_type=\"text-editor.default\">\n\t\t\t\t<div class=\"elementor-widget-container\">\n\t\t\t\t\t\t\t\t\t<p>Wir nehmen den Schutz Ihrer pers\u00f6nlichen Daten ernst. Wir behandeln Ihre personenbezogenen Daten vertraulich und selbstverst\u00e4ndlich unter Beachtung der gesetzlichen Datenschutzvorschriften sowie dieser Datenschutzerkl\u00e4rung. Die Nutzung unserer Website ist grunds\u00e4tzlich ohne Angabe personenbezogener Daten m\u00f6glich. Soweit auf unseren Seiten personenbezogene Daten (beispielsweise Name, Anschrift oder eMail-Adressen) erhoben werden, erfolgt dies soweit m\u00f6glich stets auf freiwilliger Basis. Diese Daten werden ohne Ihre ausdr\u00fcckliche Zustimmung nicht an Dritte weitergegeben. Wir weisen darauf hin, dass die Daten\u00fcbertragung im Internet (z.B. bei der Kommunikation per E-Mail) Sicherheitsl\u00fccken aufweisen kann. Es ist nicht m\u00f6glich, Daten vollst\u00e4ndig vor dem Zugriff Dritter zu sch\u00fctzen. Diese Daten sind nicht bestimmten Personen zuordenbar und werden nicht mit anderen Datenquellen zusammengef\u00fchrt.<\/p>\n\t\t\t\t\t\t\t\t<\/div>\n\t\t\t\t<\/div>\n\t\t\t\t\t<\/div>\n\t\t<\/div>\n\t\t\t\t\t<\/div>\n\t\t<\/section>\n\t\t\t\t\t<\/div>\n\t\t<\/div>\n\t\t\t\t\t<\/div>\n\t\t<\/section>\n\t\t\t\t<section class=\"elementor-section elementor-top-section elementor-element elementor-element-9912230 elementor-section-boxed elementor-section-height-default elementor-section-height-default\" data-id=\"9912230\" data-element_type=\"section\">\n\t\t\t\t\t\t<div class=\"elementor-container elementor-column-gap-default\">\n\t\t\t\t\t<div class=\"elementor-column elementor-col-100 elementor-top-column elementor-element elementor-element-7fe207a\" data-id=\"7fe207a\" data-element_type=\"column\">\n\t\t\t<div class=\"elementor-widget-wrap elementor-element-populated\">\n\t\t\t\t\t\t<div class=\"elementor-element elementor-element-e508100 elementor-widget elementor-widget-heading\" data-id=\"e508100\" data-element_type=\"widget\" data-widget_type=\"heading.default\">\n\t\t\t\t<div class=\"elementor-widget-container\">\n\t\t\t\t\t<h2 class=\"elementor-heading-title elementor-size-default\">Haftungsausschluss<\/h2>\t\t\t\t<\/div>\n\t\t\t\t<\/div>\n\t\t\t\t<section class=\"elementor-section elementor-inner-section elementor-element elementor-element-666a194 elementor-section-boxed elementor-section-height-default elementor-section-height-default\" data-id=\"666a194\" data-element_type=\"section\">\n\t\t\t\t\t\t<div class=\"elementor-container elementor-column-gap-default\">\n\t\t\t\t\t<div class=\"elementor-column elementor-col-100 elementor-inner-column elementor-element elementor-element-c6a3e3f\" data-id=\"c6a3e3f\" data-element_type=\"column\">\n\t\t\t<div class=\"elementor-widget-wrap elementor-element-populated\">\n\t\t\t\t\t\t<div class=\"elementor-element elementor-element-63a3eb8 elementor-widget elementor-widget-text-editor\" data-id=\"63a3eb8\" data-element_type=\"widget\" data-widget_type=\"text-editor.default\">\n\t\t\t\t<div class=\"elementor-widget-container\">\n\t\t\t\t\t\t\t\t\t<p>Die auf dieser Website enthaltenen Informationen dienen lediglich der allgemeinen Information. Die Informationen werden von Impacc zur Verf\u00fcgung gestellt, und obwohl wir uns bem\u00fchen, die Informationen auf dem neuesten Stand und korrekt zu halten, geben wir keine ausdr\u00fccklichen oder stillschweigenden Zusicherungen oder Garantien \u00fcber die Vollst\u00e4ndigkeit, Genauigkeit, Zuverl\u00e4ssigkeit, Eignung oder Verf\u00fcgbarkeit in Bezug auf die Website oder die auf der Website enthaltenen Informationen, Produkte, Dienstleistungen oder zugeh\u00f6rigen Grafiken f\u00fcr einen beliebigen Zweck. Jedes Vertrauen, das Sie auf diese Informationen setzen, geschieht daher ausschlie\u00dflich auf Ihr eigenes Risiko.<\/p>\n<p>In keinem Fall haften wir f\u00fcr Verluste oder Sch\u00e4den, einschlie\u00dflich, aber nicht beschr\u00e4nkt auf indirekte oder Folgesch\u00e4den, oder f\u00fcr Verluste oder Sch\u00e4den, die sich aus dem Verlust von Daten oder Gewinnen ergeben, die sich aus der Nutzung dieser Website ergeben oder damit in Zusammenhang stehen.<\/p>\n<p>\u00dcber diese Website k\u00f6nnen Sie einen Link zu anderen Websites herstellen, die nicht unter der Kontrolle von Impacc stehen. Wir haben keine Kontrolle \u00fcber die Art, den Inhalt und die Verf\u00fcgbarkeit dieser Websites. Die Aufnahme von Links bedeutet nicht notwendigerweise eine Empfehlung oder eine Bef\u00fcrwortung der darin ge\u00e4u\u00dferten Ansichten.<\/p>\n<p>Es werden alle Anstrengungen unternommen, damit die Website reibungslos funktioniert. Impacc \u00fcbernimmt jedoch keine Verantwortung f\u00fcr die vor\u00fcbergehende Nichtverf\u00fcgbarkeit der Website aufgrund von technischen Problemen, die au\u00dferhalb unserer Kontrolle liegen, und haftet auch nicht daf\u00fcr. <\/p>\n\t\t\t\t\t\t\t\t<\/div>\n\t\t\t\t<\/div>\n\t\t\t\t\t<\/div>\n\t\t<\/div>\n\t\t\t\t\t<\/div>\n\t\t<\/section>\n\t\t\t\t\t<\/div>\n\t\t<\/div>\n\t\t\t\t\t<\/div>\n\t\t<\/section>\n\t\t\t\t<\/div>\n\t\t","protected":false},"excerpt":{"rendered":"<p>Impressum Informationen nach \u00a7 5 TMG:Impacc gGmbHBernstroffstr. 11822767 Hamburg Vertreten durch:Dr. Till Wahnbaeck, Gesch\u00e4ftsf\u00fchrer Registereintrag:Eintrag ins HandelsregisterRegisternummer: HRB 160420Handelsregister Hamburg Kontakt:Telefon: +49\/151\/18403704E-Mail: info@impacc.org Datenschutzbestimmungen Wir nehmen den Schutz Ihrer pers\u00f6nlichen Daten ernst. Wir behandeln Ihre personenbezogenen Daten vertraulich und selbstverst\u00e4ndlich unter Beachtung der gesetzlichen Datenschutzvorschriften sowie dieser Datenschutzerkl\u00e4rung. Die Nutzung unserer Website ist grunds\u00e4tzlich ohne [&hellip;]<\/p>\n","protected":false},"author":1,"featured_media":0,"parent":0,"menu_order":0,"comment_status":"closed","ping_status":"closed","template":"elementor_header_footer","meta":{"_monsterinsights_skip_tracking":false,"_monsterinsights_sitenote_active":false,"_monsterinsights_sitenote_note":"","_monsterinsights_sitenote_category":0,"footnotes":""},"class_list":["post-9740","page","type-page","status-publish","hentry"],"acf":[],"aioseo_notices":[],"_links":{"self":[{"href":"https:\/\/impacc.org\/de\/wp-json\/wp\/v2\/pages\/9740","targetHints":{"allow":["GET"]}}],"collection":[{"href":"https:\/\/impacc.org\/de\/wp-json\/wp\/v2\/pages"}],"about":[{"href":"https:\/\/impacc.org\/de\/wp-json\/wp\/v2\/types\/page"}],"author":[{"embeddable":true,"href":"https:\/\/impacc.org\/de\/wp-json\/wp\/v2\/users\/1"}],"replies":[{"embeddable":true,"href":"https:\/\/impacc.org\/de\/wp-json\/wp\/v2\/comments?post=9740"}],"version-history":[{"count":5,"href":"https:\/\/impacc.org\/de\/wp-json\/wp\/v2\/pages\/9740\/revisions"}],"predecessor-version":[{"id":12063,"href":"https:\/\/impacc.org\/de\/wp-json\/wp\/v2\/pages\/9740\/revisions\/12063"}],"wp:attachment":[{"href":"https:\/\/impacc.org\/de\/wp-json\/wp\/v2\/media?parent=9740"}],"curies":[{"name":"wp","href":"https:\/\/api.w.org\/{rel}","templated":true}]}}