{"id":9723,"date":"2023-07-11T09:06:49","date_gmt":"2023-07-11T09:06:49","guid":{"rendered":"https:\/\/www.impacc.org\/karriere\/"},"modified":"2025-10-22T14:10:00","modified_gmt":"2025-10-22T14:10:00","slug":"karriere","status":"publish","type":"page","link":"https:\/\/impacc.org\/de\/karriere\/","title":{"rendered":"Karriere"},"content":{"rendered":"\t\t<div data-elementor-type=\"wp-page\" data-elementor-id=\"9723\" class=\"elementor elementor-9723 elementor-178\" data-elementor-post-type=\"page\">\n\t\t\t\t\t\t<section class=\"elementor-section elementor-top-section elementor-element elementor-element-2acb1398 elementor-section-content-middle elementor-section-boxed elementor-section-height-default elementor-section-height-default\" data-id=\"2acb1398\" data-element_type=\"section\">\n\t\t\t\t\t\t<div class=\"elementor-container elementor-column-gap-wider\">\n\t\t\t\t\t<div class=\"elementor-column elementor-col-50 elementor-top-column elementor-element elementor-element-46de9437\" data-id=\"46de9437\" data-element_type=\"column\" data-settings=\"{&quot;background_background&quot;:&quot;classic&quot;}\">\n\t\t\t<div class=\"elementor-widget-wrap elementor-element-populated\">\n\t\t\t\t\t\t<div class=\"elementor-element elementor-element-72968441 elementor-widget elementor-widget-image\" data-id=\"72968441\" data-element_type=\"widget\" data-widget_type=\"image.default\">\n\t\t\t\t<div class=\"elementor-widget-container\">\n\t\t\t\t\t\t\t\t\t\t\t\t\t\t\t<img fetchpriority=\"high\" decoding=\"async\" width=\"2560\" height=\"1707\" src=\"https:\/\/impacc.org\/wp-content\/uploads\/2023\/07\/Impacc-Team-1@Manu-Aga-scaled.jpg\" class=\"attachment-full size-full wp-image-8156\" alt=\"\" srcset=\"https:\/\/impacc.org\/wp-content\/uploads\/2023\/07\/Impacc-Team-1@Manu-Aga-scaled.jpg 2560w, https:\/\/impacc.org\/wp-content\/uploads\/2023\/07\/Impacc-Team-1@Manu-Aga-300x200.jpg 300w, https:\/\/impacc.org\/wp-content\/uploads\/2023\/07\/Impacc-Team-1@Manu-Aga-1024x683.jpg 1024w, https:\/\/impacc.org\/wp-content\/uploads\/2023\/07\/Impacc-Team-1@Manu-Aga-768x512.jpg 768w, https:\/\/impacc.org\/wp-content\/uploads\/2023\/07\/Impacc-Team-1@Manu-Aga-1536x1024.jpg 1536w, https:\/\/impacc.org\/wp-content\/uploads\/2023\/07\/Impacc-Team-1@Manu-Aga-2048x1365.jpg 2048w\" sizes=\"(max-width: 2560px) 100vw, 2560px\" \/>\t\t\t\t\t\t\t\t\t\t\t\t\t\t\t<\/div>\n\t\t\t\t<\/div>\n\t\t\t\t<div class=\"elementor-element elementor-element-29e01e9c elementor-widget-divider--view-line elementor-widget elementor-widget-divider\" data-id=\"29e01e9c\" data-element_type=\"widget\" data-widget_type=\"divider.default\">\n\t\t\t\t<div class=\"elementor-widget-container\">\n\t\t\t\t\t\t\t<div class=\"elementor-divider\">\n\t\t\t<span class=\"elementor-divider-separator\">\n\t\t\t\t\t\t<\/span>\n\t\t<\/div>\n\t\t\t\t\t\t<\/div>\n\t\t\t\t<\/div>\n\t\t\t\t<div class=\"elementor-element elementor-element-616904b6 elementor-widget elementor-widget-heading\" data-id=\"616904b6\" data-element_type=\"widget\" data-widget_type=\"heading.default\">\n\t\t\t\t<div class=\"elementor-widget-container\">\n\t\t\t\t\t<h2 class=\"elementor-heading-title elementor-size-default\">Werde Teil von Impacc<\/h2>\t\t\t\t<\/div>\n\t\t\t\t<\/div>\n\t\t\t\t\t<\/div>\n\t\t<\/div>\n\t\t\t\t<div class=\"elementor-column elementor-col-50 elementor-top-column elementor-element elementor-element-6c6a5a9f\" data-id=\"6c6a5a9f\" data-element_type=\"column\">\n\t\t\t<div class=\"elementor-widget-wrap elementor-element-populated\">\n\t\t\t\t\t\t<div class=\"elementor-element elementor-element-1e9dbbf9 elementor-widget elementor-widget-heading\" data-id=\"1e9dbbf9\" data-element_type=\"widget\" data-widget_type=\"heading.default\">\n\t\t\t\t<div class=\"elementor-widget-container\">\n\t\t\t\t\t<h3 class=\"elementor-heading-title elementor-size-default\">TEAM IMPACC<\/h3>\t\t\t\t<\/div>\n\t\t\t\t<\/div>\n\t\t\t\t<div class=\"elementor-element elementor-element-7bc52080 elementor-widget elementor-widget-heading\" data-id=\"7bc52080\" data-element_type=\"widget\" data-widget_type=\"heading.default\">\n\t\t\t\t<div class=\"elementor-widget-container\">\n\t\t\t\t\t<h2 class=\"elementor-heading-title elementor-size-default\">Karriere<\/h2>\t\t\t\t<\/div>\n\t\t\t\t<\/div>\n\t\t\t\t<div class=\"elementor-element elementor-element-a1d6f38 elementor-widget elementor-widget-text-editor\" data-id=\"a1d6f38\" data-element_type=\"widget\" data-widget_type=\"text-editor.default\">\n\t\t\t\t<div class=\"elementor-widget-container\">\n\t\t\t\t\t\t\t\t\t<p>Schlie\u00dfe Dich unserem Team ungeduldiger Optimisten an und hilf uns, die M\u00e4rkte f\u00fcr eine bessere Welt zu nutzen. <\/p>\n<p>Wenn Du dich auf eigene Initiative bewerben m\u00f6chtest, sende Deine Bewerbung bitte an: <a href=\"mailto:info@impacc.org\">info[at]impacc.org<\/a><\/p>\n<p>Wir freuen uns darauf, Dich kennen zu lernen. <\/p>\n\t\t\t\t\t\t\t\t<\/div>\n\t\t\t\t<\/div>\n\t\t\t\t\t<\/div>\n\t\t<\/div>\n\t\t\t\t\t<\/div>\n\t\t<\/section>\n\t\t\t\t<section class=\"elementor-section elementor-top-section elementor-element elementor-element-44f70dbf elementor-section-boxed elementor-section-height-default elementor-section-height-default\" data-id=\"44f70dbf\" data-element_type=\"section\" data-settings=\"{&quot;background_background&quot;:&quot;classic&quot;}\">\n\t\t\t\t\t\t<div class=\"elementor-container elementor-column-gap-default\">\n\t\t\t\t\t<div class=\"elementor-column elementor-col-100 elementor-top-column elementor-element elementor-element-4fcadf6b\" data-id=\"4fcadf6b\" data-element_type=\"column\">\n\t\t\t<div class=\"elementor-widget-wrap elementor-element-populated\">\n\t\t\t\t\t\t<div class=\"elementor-element elementor-element-64ae820a elementor-grid-3 elementor-grid-tablet-2 elementor-grid-mobile-1 elementor-widget elementor-widget-loop-grid\" data-id=\"64ae820a\" data-element_type=\"widget\" data-settings=\"{&quot;template_id&quot;:11942,&quot;_skin&quot;:&quot;post&quot;,&quot;columns&quot;:&quot;3&quot;,&quot;columns_tablet&quot;:&quot;2&quot;,&quot;columns_mobile&quot;:&quot;1&quot;,&quot;edit_handle_selector&quot;:&quot;[data-elementor-type=\\&quot;loop-item\\&quot;]&quot;,&quot;row_gap&quot;:{&quot;unit&quot;:&quot;px&quot;,&quot;size&quot;:&quot;&quot;,&quot;sizes&quot;:[]},&quot;row_gap_tablet&quot;:{&quot;unit&quot;:&quot;px&quot;,&quot;size&quot;:&quot;&quot;,&quot;sizes&quot;:[]},&quot;row_gap_mobile&quot;:{&quot;unit&quot;:&quot;px&quot;,&quot;size&quot;:&quot;&quot;,&quot;sizes&quot;:[]}}\" data-widget_type=\"loop-grid.post\">\n\t\t\t\t<div class=\"elementor-widget-container\">\n\t\t\t\t\t\t\t<div class=\"e-loop-nothing-found-message\">\n\t\t<\/div>\n\t\t\t\t\t\t<\/div>\n\t\t\t\t<\/div>\n\t\t\t\t\t<\/div>\n\t\t<\/div>\n\t\t\t\t\t<\/div>\n\t\t<\/section>\n\t\t\t\t<\/div>\n\t\t","protected":false},"excerpt":{"rendered":"<p>Werde Teil von Impacc TEAM IMPACC Karriere Schlie\u00dfe Dich unserem Team ungeduldiger Optimisten an und hilf uns, die M\u00e4rkte f\u00fcr eine bessere Welt zu nutzen. Wenn Du dich auf eigene Initiative bewerben m\u00f6chtest, sende Deine Bewerbung bitte an: info[at]impacc.org Wir freuen uns darauf, Dich kennen zu lernen.<\/p>\n","protected":false},"author":1,"featured_media":0,"parent":0,"menu_order":0,"comment_status":"closed","ping_status":"closed","template":"elementor_header_footer","meta":{"_monsterinsights_skip_tracking":false,"_monsterinsights_sitenote_active":false,"_monsterinsights_sitenote_note":"","_monsterinsights_sitenote_category":0,"footnotes":""},"class_list":["post-9723","page","type-page","status-publish","hentry"],"acf":[],"aioseo_notices":[],"_links":{"self":[{"href":"https:\/\/impacc.org\/de\/wp-json\/wp\/v2\/pages\/9723","targetHints":{"allow":["GET"]}}],"collection":[{"href":"https:\/\/impacc.org\/de\/wp-json\/wp\/v2\/pages"}],"about":[{"href":"https:\/\/impacc.org\/de\/wp-json\/wp\/v2\/types\/page"}],"author":[{"embeddable":true,"href":"https:\/\/impacc.org\/de\/wp-json\/wp\/v2\/users\/1"}],"replies":[{"embeddable":true,"href":"https:\/\/impacc.org\/de\/wp-json\/wp\/v2\/comments?post=9723"}],"version-history":[{"count":16,"href":"https:\/\/impacc.org\/de\/wp-json\/wp\/v2\/pages\/9723\/revisions"}],"predecessor-version":[{"id":15013,"href":"https:\/\/impacc.org\/de\/wp-json\/wp\/v2\/pages\/9723\/revisions\/15013"}],"wp:attachment":[{"href":"https:\/\/impacc.org\/de\/wp-json\/wp\/v2\/media?parent=9723"}],"curies":[{"name":"wp","href":"https:\/\/api.w.org\/{rel}","templated":true}]}}